{"id":14399,"date":"2023-05-09T09:00:38","date_gmt":"2023-05-09T09:00:38","guid":{"rendered":"https:\/\/newcap.younik.pt\/who-we-are\/"},"modified":"2023-08-25T08:48:17","modified_gmt":"2023-08-25T08:48:17","slug":"empresa","status":"publish","type":"page","link":"https:\/\/www.c2cnewcap.com\/pt-pt\/empresa\/","title":{"rendered":"Empresa"},"content":{"rendered":"<p>[vc_row full_width=&#8221;stretch_row&#8221; gap=&#8221;0&#8243; el_class=&#8221;separador_baixo_banner_verde&#8221;][vc_column]\n\t\t\t<!-- START Banner Quem somos REVOLUTION SLIDER 6.6.8 --><p class=\"rs-p-wp-fix\"><\/p>\n\t\t\t<rs-module-wrap id=\"rev_slider_4_1_wrapper\" data-source=\"gallery\" style=\"visibility:hidden;background:transparent;padding:0;\">\n\t\t\t\t<rs-module id=\"rev_slider_4_1\" style=\"\" data-version=\"6.6.8\">\n\t\t\t\t\t<rs-slides style=\"overflow: hidden; position: absolute;\">\n\t\t\t\t\t\t<rs-slide style=\"position: absolute;\" data-key=\"rs-6\" data-title=\"Slide\" data-in=\"o:0;\" data-out=\"a:false;\">\n\t\t\t\t\t\t\t<img decoding=\"async\" src=\"\/\/www.c2cnewcap.com\/wp-content\/plugins\/revslider\/public\/assets\/assets\/dummy.png\" alt=\"\" title=\"Empresa\" class=\"rev-slidebg tp-rs-img rs-lazyload\" data-lazyload=\"\/\/img.youtube.com\/vi\/5WROmrGTDEo\/sddefault.jpg\" data-no-retina>\n\t\t\t\t\t\t\t<rs-bgvideo \n\t\t\t\t\t\t\t\tdata-video=\"vc:none;w:100%;h:100%;nse:false;l:true;ptimer:false;\"\n\t\t\t\t\t\t\t\tdata-ytid=\"M3dcuYS9M6c\"\n\t\t\t\t\t\t\t\tdata-vatr=\"version=3&amp;enablejsapi=1&amp;html5=1&amp;hd=1&amp;wmode=opaque&amp;showinfo=0&amp;rel=0&amp;origin=https:\/\/www.c2cnewcap.com;\"\n\t\t\t\t\t\t\t><\/rs-bgvideo>\n<!--\n\t\t\t\t\t\t\t--><rs-layer\n\t\t\t\t\t\t\t\tid=\"slider-4-slide-6-layer-0\" \n\t\t\t\t\t\t\t\tdata-type=\"shape\"\n\t\t\t\t\t\t\t\tdata-rsp_ch=\"on\"\n\t\t\t\t\t\t\t\tdata-xy=\"x:c;y:m;\"\n\t\t\t\t\t\t\t\tdata-text=\"w:normal;s:20,20,20,7;l:0,0,0,9;\"\n\t\t\t\t\t\t\t\tdata-dim=\"w:100%;h:100%;\"\n\t\t\t\t\t\t\t\tdata-basealign=\"slide\"\n\t\t\t\t\t\t\t\tdata-frame_999=\"o:0;st:w;\"\n\t\t\t\t\t\t\t\tstyle=\"z-index:6;background-color:rgba(7,37,74,0.6);\"\n\t\t\t\t\t\t\t> \n\t\t\t\t\t\t\t<\/rs-layer><!--\n\n\t\t\t\t\t\t\t--><rs-layer\n\t\t\t\t\t\t\t\tid=\"slider-4-slide-6-layer-1\" \n\t\t\t\t\t\t\t\tdata-type=\"text\"\n\t\t\t\t\t\t\t\tdata-color=\"#5dc2ac\"\n\t\t\t\t\t\t\t\tdata-rsp_ch=\"on\"\n\t\t\t\t\t\t\t\tdata-xy=\"x:c;xo:2px,2px,2px,0;y:m;yo:-1px,-1px,-1px,-44px;\"\n\t\t\t\t\t\t\t\tdata-text=\"w:normal;s:88,88,88,50;l:78,78,78,44;fw:500;a:center;\"\n\t\t\t\t\t\t\t\tdata-dim=\"w:auto,auto,auto,266px;\"\n\t\t\t\t\t\t\t\tdata-frame_999=\"o:0;st:w;\"\n\t\t\t\t\t\t\t\tstyle=\"z-index:8;font-family:'Teko';\"\n\t\t\t\t\t\t\t>Who are we \n\t\t\t\t\t\t\t<\/rs-layer><!--\n-->\t\t\t\t\t\t<\/rs-slide>\n\t\t\t\t\t<\/rs-slides>\n\t\t\t\t<\/rs-module>\n\t\t\t\t<script>\n\t\t\t\t\tsetREVStartSize({c: 'rev_slider_4_1',rl:[1240,1240,1240,480],el:[900,900,900,720],gw:[1240,1240,1240,480],gh:[900,900,900,720],type:'standard',justify:'',layout:'fullscreen',offsetContainer:'',offset:'',mh:\"0\"});if (window.RS_MODULES!==undefined && window.RS_MODULES.modules!==undefined && window.RS_MODULES.modules[\"revslider41\"]!==undefined) {window.RS_MODULES.modules[\"revslider41\"].once = false;window.revapi4 = undefined;if (window.RS_MODULES.checkMinimal!==undefined) window.RS_MODULES.checkMinimal()}\n\t\t\t\t<\/script>\n\t\t\t\t<script src=\"https:\/\/www.youtube.com\/iframe_api\"><\/script>\n\t\t\t<\/rs-module-wrap>\n\t\t\t<!-- END REVOLUTION SLIDER -->\n[\/vc_column][\/vc_row][vc_row enable_content_animation=&#8221;yes&#8221; animation_preset=&#8221;Fade In Up&#8221; css=&#8221;.vc_custom_1683730120220{padding-bottom: 0px !important;}&#8221; responsive_css=&#8221;margin_bottom_small:0px|padding_bottom_small:0px&#8221; ca_duration=&#8221;900&#8243; ca_start_delay=&#8221;200&#8243;][vc_column column_content_align=&#8221;justify-content-center&#8221; css=&#8221;.vc_custom_1683559847458{margin-bottom: 30px !important;}&#8221; responsive_align=&#8221;text-center&#8221; offset=&#8221;vc_col-lg-offset-2 vc_col-lg-8 vc_col-md-offset-2 vc_col-md-8&#8243;]<style>.ld_fancy_heading_69f0cbf977217 h1{color:rgb(7, 37, 74);}.ld_fancy_heading_69f0cbf977217 .lqd-highlight-inner{height:0.15em!important;bottom:0px!important;background:rgb(93, 194, 172)!important;}<\/style><div class=\"ld-fancy-heading text-center ld_fancy_heading_69f0cbf977217\">\n\t<h1 class=\"ld-fh-element lqd-highlight-underline lqd-highlight-grow-left text-decoration-default\"   >  Inova\u00e7\u00e3o, ci\u00eancia e novas solu\u00e7\u00f5es de neg\u00f3cio constru\u00eddos por uma equipa empenhada.<\/h1><\/div><style>.ld_fancy_heading_69f0cbf9778ec p {padding-bottom:50px !important;  } .ld_fancy_heading_69f0cbf9778ec .lqd-highlight-inner{height:0.275em!important;bottom:0px!important;}.ld_fancy_heading_69f0cbf9778ec p {padding-bottom:50px !important;  } <\/style><div class=\"ld-fancy-heading text-center ld_fancy_heading_69f0cbf9778ec\">\n\t<p class=\"ld-fh-element lqd-highlight-underline lqd-highlight-grow-left text-decoration-default\"   >  <span style=\"font-weight: 400\">Somos engenheiros empenhados em fazer coisas que fazem a diferen\u00e7a.<\/span><\/p><\/div>[vc_row_inner enable_content_animation=&#8221;yes&#8221; ca_init_scale_x=&#8221;1&#8243; ca_init_scale_y=&#8221;1&#8243; ca_init_opacity=&#8221;1&#8243; ca_an_scale_x=&#8221;1&#8243; ca_an_scale_y=&#8221;1&#8243; ca_an_opacity=&#8221;1&#8243;][vc_column_inner width=&#8221;1\/3&#8243;]\n<style>.ld_counter_69f0cbf977b2a .lqd-counter-element{font-size:80px;font-weight:700;margin-bottom:13px;}.ld_counter_69f0cbf977b2a .lqd-text-bottom{font-size:12px;font-weight:700;letter-spacing:0.08em;}.ld_counter_69f0cbf977b2a{color:rgb(7, 37, 74);}.ld_counter_69f0cbf977b2a .lqd-counter-text{color:rgb(7, 37, 74);}<\/style><div id=\"ld_counter_69f0cbf977b2a\" class=\"lqd-counter lqd-counter-default text-center ld_counter_69f0cbf977b2a\">\n\n\t<div class=\"lqd-counter-element \" data-enable-counter=\"true\" data-counter-options='{\"targetNumber\":\"2014\"}'>\n\t\t<span>2014<\/span>\t<\/div><!-- \/.lqd-counter-element -->\n\t<span class=\"lqd-counter-text lqd-text-bottom \">Funda\u00e7\u00e3o da empresa<\/span>\n<\/div><!-- \/.lqd-counter lqd-counter-huge -->[\/vc_column_inner][vc_column_inner width=&#8221;1\/3&#8243;]\n<style>.ld_counter_69f0cbf977bb7 .lqd-counter-element{font-size:80px;font-weight:700;margin-bottom:13px;}.ld_counter_69f0cbf977bb7 .lqd-text-bottom{font-size:12px;font-weight:700;letter-spacing:0.08em;}.ld_counter_69f0cbf977bb7{color:rgb(7, 37, 74);}.ld_counter_69f0cbf977bb7 .lqd-counter-text{color:rgb(7, 37, 74);}<\/style><div id=\"ld_counter_69f0cbf977bb7\" class=\"lqd-counter lqd-counter-default text-center ld_counter_69f0cbf977bb7\">\n\n\t<div class=\"lqd-counter-element \" data-enable-counter=\"true\" data-counter-options='{\"targetNumber\":\"+5M\\u20ac\"}'>\n\t\t<span>+5M\u20ac<\/span>\t<\/div><!-- \/.lqd-counter-element -->\n\t<span class=\"lqd-counter-text lqd-text-bottom \">Investimento\/financiamento<\/span>\n<\/div><!-- \/.lqd-counter lqd-counter-huge -->[\/vc_column_inner][vc_column_inner width=&#8221;1\/3&#8243;]\n<style>.ld_counter_69f0cbf977c18 .lqd-counter-element{font-size:80px;font-weight:700;margin-bottom:13px;}.ld_counter_69f0cbf977c18 .lqd-text-bottom{font-size:12px;font-weight:700;letter-spacing:0.08em;}.ld_counter_69f0cbf977c18{color:rgb(7, 37, 74);}.ld_counter_69f0cbf977c18 .lqd-counter-text{color:rgb(7, 37, 74);}<\/style><div id=\"ld_counter_69f0cbf977c18\" class=\"lqd-counter lqd-counter-default text-center ld_counter_69f0cbf977c18\">\n\n\t<div class=\"lqd-counter-element \" data-enable-counter=\"true\" data-counter-options='{\"targetNumber\":\"11+\"}'>\n\t\t<span>11+<\/span>\t<\/div><!-- \/.lqd-counter-element -->\n\t<span class=\"lqd-counter-text lqd-text-bottom \">Membros de equipa<\/span>\n<\/div><!-- \/.lqd-counter lqd-counter-huge -->[\/vc_column_inner][\/vc_row_inner][\/vc_column][\/vc_row][vc_row enable_content_animation=&#8221;yes&#8221; disable_element=&#8221;yes&#8221; ca_init_scale_x=&#8221;1&#8243; ca_init_scale_y=&#8221;1&#8243; ca_init_opacity=&#8221;1&#8243; ca_an_scale_x=&#8221;1&#8243; ca_an_scale_y=&#8221;1&#8243; ca_an_opacity=&#8221;1&#8243;][vc_column width=&#8221;1\/3&#8243; responsive_align=&#8221;text-center&#8221;]\n<style>.ld_counter_69f0cbf977c72 .lqd-counter-element{font-size:80px;font-weight:700;margin-bottom:13px;}.ld_counter_69f0cbf977c72 .lqd-text-bottom{font-size:12px;font-weight:700;letter-spacing:0.08em;}.ld_counter_69f0cbf977c72{color:rgb(7, 37, 74);}.ld_counter_69f0cbf977c72 .lqd-counter-text{color:rgb(7, 37, 74);}<\/style><div id=\"ld_counter_69f0cbf977c72\" class=\"lqd-counter lqd-counter-default text-center ld_counter_69f0cbf977c72\">\n\n\t<div class=\"lqd-counter-element \" data-enable-counter=\"true\" data-counter-options='{\"targetNumber\":\"312\"}'>\n\t\t<span>312<\/span>\t<\/div><!-- \/.lqd-counter-element -->\n\t<span class=\"lqd-counter-text lqd-text-bottom \">Lorem ipsum<\/span>\n<\/div><!-- \/.lqd-counter lqd-counter-huge -->[\/vc_column][vc_column width=&#8221;1\/3&#8243; responsive_align=&#8221;text-center&#8221;]\n<style>.ld_counter_69f0cbf977cc5 .lqd-counter-element{font-size:80px;font-weight:700;margin-bottom:13px;}.ld_counter_69f0cbf977cc5 .lqd-text-bottom{font-size:12px;font-weight:700;letter-spacing:0.08em;}.ld_counter_69f0cbf977cc5{color:rgb(7, 37, 74);}.ld_counter_69f0cbf977cc5 .lqd-counter-text{color:rgb(7, 37, 74);}<\/style><div id=\"ld_counter_69f0cbf977cc5\" class=\"lqd-counter lqd-counter-default ld_counter_69f0cbf977cc5\">\n\n\t<div class=\"lqd-counter-element \" data-enable-counter=\"true\" data-counter-options='{\"targetNumber\":\"120\"}'>\n\t\t<span>120<\/span>\t<\/div><!-- \/.lqd-counter-element -->\n\t<span class=\"lqd-counter-text lqd-text-bottom \">Sit amet<\/span>\n<\/div><!-- \/.lqd-counter lqd-counter-huge -->[\/vc_column][vc_column width=&#8221;1\/3&#8243; responsive_align=&#8221;text-center&#8221;]\n<style>.ld_counter_69f0cbf977d17 .lqd-counter-element{font-size:80px;font-weight:700;margin-bottom:13px;}.ld_counter_69f0cbf977d17 .lqd-text-bottom{font-size:12px;font-weight:700;letter-spacing:0.08em;}.ld_counter_69f0cbf977d17{color:rgb(7, 37, 74);}.ld_counter_69f0cbf977d17 .lqd-counter-text{color:rgb(7, 37, 74);}<\/style><div id=\"ld_counter_69f0cbf977d17\" class=\"lqd-counter lqd-counter-default text-center ld_counter_69f0cbf977d17\">\n\n\t<div class=\"lqd-counter-element \" data-enable-counter=\"true\" data-counter-options='{\"targetNumber\":\"11+\"}'>\n\t\t<span>11+<\/span>\t<\/div><!-- \/.lqd-counter-element -->\n\t<span class=\"lqd-counter-text lqd-text-bottom \">Team members<\/span>\n<\/div><!-- \/.lqd-counter lqd-counter-huge -->[\/vc_column][\/vc_row][vc_row content_placement=&#8221;top&#8221; enable_content_animation=&#8221;yes&#8221; animation_preset=&#8221;Fade In Up&#8221; css=&#8221;.vc_custom_1688746352102{margin-bottom: 50px !important;padding-top: 20px !important;padding-right: 15px !important;padding-bottom: 0px !important;padding-left: 15px !important;}&#8221; responsive_css=&#8221;padding_top_large:100px|padding_top_small:60px|padding_bottom_small:0px&#8221; ca_duration=&#8221;900&#8243; ca_start_delay=&#8221;200&#8243;][vc_column column_content_align=&#8221;justify-content-start&#8221; responsive_align=&#8221;text-center&#8221;]<style>.ld_images_group_element_69f0cbf977dbf .liquid-img-container-inner figure{filter:saturate(1) brightness(1) contrast(130%) grayscale(80%) hue-rotate(155deg) opacity(100%);}.ld_images_group_element_69f0cbf977dbf{border-radius:20px;}<\/style><div id=\"ld_images_group_element_69f0cbf977dbf\" class=\"lqd-imggrp-single reset-color-adjust-enabled imagens_pag_sobre ld_images_group_element_69f0cbf977dbf\" data-roundness=\"custom\"  >\n\t\n\t<div class=\"lqd-imggrp-img-container\"    data-parallax=\"true\" data-parallax-from='{\"scaleX\":1.5,\"scaleY\":1.5}' data-parallax-to='{\"scaleX\":1,\"scaleY\":1}' data-parallax-options='{\"overflowHidden\":true,\"ease\":\"linear\",\"start\":\"top bottom\"}'>\n\t\t\n\t\t\t\t\n\t\t\t\t<figure ><img decoding=\"async\" width=\"5830\" height=\"3039\" src=\"https:\/\/www.c2cnewcap.com\/wp-content\/uploads\/2023\/07\/173A0611-Who-we-are_reduced.jpg\" class=\"attachment-full size-full\" alt=\"\" srcset=\"https:\/\/www.c2cnewcap.com\/wp-content\/uploads\/2023\/07\/173A0611-Who-we-are_reduced.jpg 5830w, https:\/\/www.c2cnewcap.com\/wp-content\/uploads\/2023\/07\/173A0611-Who-we-are_reduced-300x156.jpg 300w, https:\/\/www.c2cnewcap.com\/wp-content\/uploads\/2023\/07\/173A0611-Who-we-are_reduced-1024x534.jpg 1024w\" sizes=\"(max-width: 5830px) 100vw, 5830px\" itemprop=\"image\" \/><\/figure>\t\t\t\t\t\t\t\t\n\t<\/div><!-- \/.lqd-imggrp-content -->\n<\/div><!-- \/.lqd-imggrp-single -->[vc_row_inner css=&#8221;.vc_custom_1688746454746{margin-top: 50px !important;}&#8221;][vc_column_inner width=&#8221;1\/2&#8243;]<style>.ld_fancy_heading_69f0cbf97844e h1{color:rgb(7, 37, 74);}.ld_fancy_heading_69f0cbf97844e .lqd-highlight-inner{height:0.15em!important;bottom:0px!important;background:rgb(93, 194, 172)!important;}<\/style><div class=\"ld-fancy-heading text-left ld_fancy_heading_69f0cbf97844e\">\n\t<h1 class=\"ld-fh-element lqd-highlight-underline lqd-highlight-grow-left text-decoration-default\"   >  Tecnologia europeia<br \/>\nDe Portugal para o mundo<\/h1><\/div>[\/vc_column_inner][vc_column_inner width=&#8221;1\/2&#8243;]<style>.ld_fancy_heading_69f0cbf9787d5 .lqd-highlight-inner{height:0.275em!important;bottom:0px!important;}<\/style><div class=\"ld-fancy-heading text-left ld_fancy_heading_69f0cbf9787d5\">\n\t<p class=\"ld-fh-element lqd-highlight-underline lqd-highlight-grow-left text-decoration-default\"   >  Temos um foco em R&amp;D, e desenvolvemos supercondensadores a partir do zero.<\/p>\n<p>&nbsp;<\/p>\n<p>Os supercondensadores usados no m\u00f3dulo GO-START s\u00e3o feitos em Lisboa, Portugal e desenhados para ve\u00edculos pesados europeus.<\/p><\/div>[\/vc_column_inner][\/vc_row_inner][\/vc_column][\/vc_row][vc_row content_placement=&#8221;top&#8221; enable_content_animation=&#8221;yes&#8221; animation_preset=&#8221;Fade In Up&#8221; css=&#8221;.vc_custom_1688746578331{margin-bottom: 50px !important;padding-top: 20px !important;padding-right: 15px !important;padding-bottom: 0px !important;padding-left: 15px !important;}&#8221; responsive_css=&#8221;padding_top_large:80px|padding_top_small:60px|padding_bottom_small:0px&#8221; ca_duration=&#8221;900&#8243; ca_start_delay=&#8221;200&#8243;][vc_column column_content_align=&#8221;justify-content-start&#8221; responsive_align=&#8221;text-center&#8221;]<style>.ld_images_group_element_69f0cbf978b98 .liquid-img-container-inner figure{filter:saturate(1) brightness(1) contrast(130%) grayscale(80%) hue-rotate(155deg) opacity(100%);}.ld_images_group_element_69f0cbf978b98{border-radius:20px;}<\/style><div id=\"ld_images_group_element_69f0cbf978b98\" class=\"lqd-imggrp-single reset-color-adjust-enabled imagens_pag_sobre ld_images_group_element_69f0cbf978b98\" data-roundness=\"custom\"  >\n\t\n\t<div class=\"lqd-imggrp-img-container\"    data-parallax=\"true\" data-parallax-from='{\"scaleX\":1.5,\"scaleY\":1.5}' data-parallax-to='{\"scaleX\":1,\"scaleY\":1}' data-parallax-options='{\"overflowHidden\":true,\"ease\":\"linear\",\"start\":\"top bottom\"}'>\n\t\t\n\t\t\t\t\n\t\t\t\t<figure ><img decoding=\"async\" width=\"5974\" height=\"3983\" src=\"data:image\/svg+xml;charset=utf-8,%3Csvg xmlns%3D&#039;http%3A%2F%2Fwww.w3.org%2F2000%2Fsvg&#039; viewBox%3D&#039;0 0 5974 3983&#039;%2F%3E\" class=\"attachment-full size-full ld-lazyload\" alt=\"\" itemprop=\"image\" data-src=\"https:\/\/www.c2cnewcap.com\/wp-content\/uploads\/2023\/07\/173A0800-Who-we-are_reduced.jpg\" data-srcset=\"https:\/\/www.c2cnewcap.com\/wp-content\/uploads\/2023\/07\/173A0800-Who-we-are_reduced.jpg 5974w, https:\/\/www.c2cnewcap.com\/wp-content\/uploads\/2023\/07\/173A0800-Who-we-are_reduced-300x200.jpg 300w, https:\/\/www.c2cnewcap.com\/wp-content\/uploads\/2023\/07\/173A0800-Who-we-are_reduced-1024x683.jpg 1024w\" data-sizes=\"(max-width: 5974px) 100vw, 5974px\" data-aspect=\"1.4998744664826\" \/><\/figure>\t\t\t\t\t\t\t\t\n\t<\/div><!-- \/.lqd-imggrp-content -->\n<\/div><!-- \/.lqd-imggrp-single -->[vc_row_inner css=&#8221;.vc_custom_1688746454746{margin-top: 50px !important;}&#8221;][vc_column_inner width=&#8221;1\/2&#8243;]<style>.ld_fancy_heading_69f0cbf98028f h1{color:rgb(7, 37, 74);}.ld_fancy_heading_69f0cbf98028f .lqd-highlight-inner{height:0.15em!important;bottom:0px!important;background:rgb(93, 194, 172)!important;}<\/style><div class=\"ld-fancy-heading text-left ld_fancy_heading_69f0cbf98028f\">\n\t<h1 class=\"ld-fh-element lqd-highlight-underline lqd-highlight-grow-left text-decoration-default\"   >  Inova\u00e7\u00e3o sustent\u00e1vel<\/h1><\/div>[\/vc_column_inner][vc_column_inner width=&#8221;1\/2&#8243;]<style>.ld_fancy_heading_69f0cbf98080e .lqd-highlight-inner{height:0.275em!important;bottom:0px!important;}<\/style><div class=\"ld-fancy-heading text-left ld_fancy_heading_69f0cbf98080e\">\n\t<p class=\"ld-fh-element lqd-highlight-underline lqd-highlight-grow-left text-decoration-default\"   >  Queremos reduzir uso desnecess\u00e1rio de mat\u00e9rias primas criticas e t\u00f3xicas.<\/p>\n<p>Reduzir o uso de chumbo \u00e9 tamb\u00e9m um dos nossos objectivos com o produto GO-START.<\/p>\n<p>Trazemos solu\u00e7\u00f5es electroqu\u00edmicas mais sustent\u00e1veis atrav\u00e9s do scale-up das nossas solu\u00e7\u00f5es tecnol\u00f3gicas desenvolvidas em laborat\u00f3rio e escaladas at\u00e9 produtos comerciais.<\/p><\/div>[\/vc_column_inner][\/vc_row_inner][\/vc_column][\/vc_row][vc_row content_placement=&#8221;top&#8221; enable_content_animation=&#8221;yes&#8221; animation_preset=&#8221;Fade In Up&#8221; css=&#8221;.vc_custom_1688976513886{margin-bottom: 80px !important;padding-top: 20px !important;padding-right: 15px !important;padding-bottom: 0px !important;padding-left: 15px !important;}&#8221; responsive_css=&#8221;padding_top_large:80px|padding_top_small:60px|padding_bottom_small:0px&#8221; ca_duration=&#8221;900&#8243; ca_start_delay=&#8221;200&#8243;][vc_column column_content_align=&#8221;justify-content-start&#8221; responsive_align=&#8221;text-center&#8221;]<style>.ld_images_group_element_69f0cbf980cc1 .liquid-img-container-inner figure{filter:saturate(1) brightness(1) contrast(130%) grayscale(80%) hue-rotate(155deg) opacity(100%);}.ld_images_group_element_69f0cbf980cc1{border-radius:20px;}<\/style><div id=\"ld_images_group_element_69f0cbf980cc1\" class=\"lqd-imggrp-single reset-color-adjust-enabled imagens_pag_sobre ld_images_group_element_69f0cbf980cc1\" data-roundness=\"custom\"  >\n\t\n\t<div class=\"lqd-imggrp-img-container\"    data-parallax=\"true\" data-parallax-from='{\"scaleX\":1.5,\"scaleY\":1.5}' data-parallax-to='{\"scaleX\":1,\"scaleY\":1}' data-parallax-options='{\"overflowHidden\":true,\"ease\":\"linear\",\"start\":\"top bottom\"}'>\n\t\t\n\t\t\t\t\n\t\t\t\t<figure ><img decoding=\"async\" width=\"3825\" height=\"2507\" src=\"data:image\/svg+xml;charset=utf-8,%3Csvg xmlns%3D&#039;http%3A%2F%2Fwww.w3.org%2F2000%2Fsvg&#039; viewBox%3D&#039;0 0 3825 2507&#039;%2F%3E\" class=\"attachment-full size-full ld-lazyload\" alt=\"\" itemprop=\"image\" data-src=\"https:\/\/www.c2cnewcap.com\/wp-content\/uploads\/2023\/07\/173A0264_Who-we-are.jpg\" data-srcset=\"https:\/\/www.c2cnewcap.com\/wp-content\/uploads\/2023\/07\/173A0264_Who-we-are.jpg 3825w, https:\/\/www.c2cnewcap.com\/wp-content\/uploads\/2023\/07\/173A0264_Who-we-are-300x197.jpg 300w, https:\/\/www.c2cnewcap.com\/wp-content\/uploads\/2023\/07\/173A0264_Who-we-are-1024x671.jpg 1024w\" data-sizes=\"(max-width: 3825px) 100vw, 3825px\" data-aspect=\"1.5257279617072\" \/><\/figure>\t\t\t\t\t\t\t\t\n\t<\/div><!-- \/.lqd-imggrp-content -->\n<\/div><!-- \/.lqd-imggrp-single -->[vc_row_inner css=&#8221;.vc_custom_1688746454746{margin-top: 50px !important;}&#8221;][vc_column_inner width=&#8221;1\/2&#8243;]<style>.ld_fancy_heading_69f0cbf9a40d6 h1{color:rgb(7, 37, 74);}.ld_fancy_heading_69f0cbf9a40d6 .lqd-highlight-inner{height:0.15em!important;bottom:0px!important;background:rgb(93, 194, 172)!important;}<\/style><div class=\"ld-fancy-heading text-left ld_fancy_heading_69f0cbf9a40d6\">\n\t<h1 class=\"ld-fh-element lqd-highlight-underline lqd-highlight-grow-left text-decoration-default\"   >  Junta-te \u00e0 nossa viagem.<\/h1><\/div>[\/vc_column_inner][vc_column_inner width=&#8221;1\/2&#8243;]<style>.ld_fancy_heading_69f0cbf9a47ef .lqd-highlight-inner{height:0.275em!important;bottom:0px!important;}<\/style><div class=\"ld-fancy-heading text-left ld_fancy_heading_69f0cbf9a47ef\">\n\t<p class=\"ld-fh-element lqd-highlight-underline lqd-highlight-grow-left text-decoration-default\"   >  O futuro \u00e9 entusiasmante, and est\u00e1 a acontecer aqui e agora. Vem redefinir o que \u00e9 poss\u00edvel no armazenamento de energia.<\/p><\/div>[\/vc_column_inner][\/vc_row_inner][\/vc_column][\/vc_row]<\/p>\n","protected":false},"excerpt":{"rendered":"<p>[vc_row full_width=&#8221;stretch_row&#8221; gap=&#8221;0&#8243; el_class=&#8221;separador_baixo_banner_verde&#8221;][vc_column][\/vc_column][\/vc_row][vc_row...","protected":false},"author":1,"featured_media":0,"parent":0,"menu_order":0,"comment_status":"closed","ping_status":"closed","template":"","meta":{"footnotes":""},"class_list":["post-14399","page","type-page","status-publish","hentry"],"yoast_head":"<!-- This site is optimized with the Yoast SEO plugin v21.4 - https:\/\/yoast.com\/wordpress\/plugins\/seo\/ -->\n<title>Empresa - C2C NewCap<\/title>\n<meta name=\"description\" content=\"C2C-NewCap who we are: We are engineers and product designers at heart passionate about making things that make a difference.\" \/>\n<meta name=\"robots\" content=\"index, follow, max-snippet:-1, max-image-preview:large, max-video-preview:-1\" \/>\n<link rel=\"canonical\" href=\"https:\/\/www.c2cnewcap.com\/pt-pt\/empresa\/\" \/>\n<meta property=\"og:locale\" content=\"pt_PT\" \/>\n<meta property=\"og:type\" content=\"article\" \/>\n<meta property=\"og:title\" content=\"Empresa - C2C NewCap\" \/>\n<meta property=\"og:description\" content=\"C2C-NewCap who we are: We are engineers and product designers at heart passionate about making things that make a difference.\" \/>\n<meta property=\"og:url\" content=\"https:\/\/www.c2cnewcap.com\/pt-pt\/empresa\/\" \/>\n<meta property=\"og:site_name\" content=\"C2C NewCap\" \/>\n<meta property=\"article:modified_time\" content=\"2023-08-25T08:48:17+00:00\" \/>\n<meta name=\"twitter:card\" content=\"summary_large_image\" \/>\n<meta name=\"twitter:label1\" content=\"Tempo estimado de leitura\" \/>\n\t<meta name=\"twitter:data1\" content=\"3 minutos\" \/>\n<script type=\"application\/ld+json\" class=\"yoast-schema-graph\">{\"@context\":\"https:\/\/schema.org\",\"@graph\":[{\"@type\":\"WebPage\",\"@id\":\"https:\/\/www.c2cnewcap.com\/pt-pt\/empresa\/\",\"url\":\"https:\/\/www.c2cnewcap.com\/pt-pt\/empresa\/\",\"name\":\"Empresa - C2C NewCap\",\"isPartOf\":{\"@id\":\"https:\/\/www.c2cnewcap.com\/pt-pt\/#website\"},\"datePublished\":\"2023-05-09T09:00:38+00:00\",\"dateModified\":\"2023-08-25T08:48:17+00:00\",\"description\":\"C2C-NewCap who we are: We are engineers and product designers at heart passionate about making things that make a difference.\",\"breadcrumb\":{\"@id\":\"https:\/\/www.c2cnewcap.com\/pt-pt\/empresa\/#breadcrumb\"},\"inLanguage\":\"pt-PT\",\"potentialAction\":[{\"@type\":\"ReadAction\",\"target\":[\"https:\/\/www.c2cnewcap.com\/pt-pt\/empresa\/\"]}]},{\"@type\":\"BreadcrumbList\",\"@id\":\"https:\/\/www.c2cnewcap.com\/pt-pt\/empresa\/#breadcrumb\",\"itemListElement\":[{\"@type\":\"ListItem\",\"position\":1,\"name\":\"Home\",\"item\":\"https:\/\/www.c2cnewcap.com\/pt-pt\/\"},{\"@type\":\"ListItem\",\"position\":2,\"name\":\"Empresa\"}]},{\"@type\":\"WebSite\",\"@id\":\"https:\/\/www.c2cnewcap.com\/pt-pt\/#website\",\"url\":\"https:\/\/www.c2cnewcap.com\/pt-pt\/\",\"name\":\"C2C NewCap\",\"description\":\"Let&#039;s Power the Future\",\"potentialAction\":[{\"@type\":\"SearchAction\",\"target\":{\"@type\":\"EntryPoint\",\"urlTemplate\":\"https:\/\/www.c2cnewcap.com\/pt-pt\/?s={search_term_string}\"},\"query-input\":\"required name=search_term_string\"}],\"inLanguage\":\"pt-PT\"}]}<\/script>\n<!-- \/ Yoast SEO plugin. -->","yoast_head_json":{"title":"Empresa - C2C NewCap","description":"C2C-NewCap who we are: We are engineers and product designers at heart passionate about making things that make a difference.","robots":{"index":"index","follow":"follow","max-snippet":"max-snippet:-1","max-image-preview":"max-image-preview:large","max-video-preview":"max-video-preview:-1"},"canonical":"https:\/\/www.c2cnewcap.com\/pt-pt\/empresa\/","og_locale":"pt_PT","og_type":"article","og_title":"Empresa - C2C NewCap","og_description":"C2C-NewCap who we are: We are engineers and product designers at heart passionate about making things that make a difference.","og_url":"https:\/\/www.c2cnewcap.com\/pt-pt\/empresa\/","og_site_name":"C2C NewCap","article_modified_time":"2023-08-25T08:48:17+00:00","twitter_card":"summary_large_image","twitter_misc":{"Tempo estimado de leitura":"3 minutos"},"schema":{"@context":"https:\/\/schema.org","@graph":[{"@type":"WebPage","@id":"https:\/\/www.c2cnewcap.com\/pt-pt\/empresa\/","url":"https:\/\/www.c2cnewcap.com\/pt-pt\/empresa\/","name":"Empresa - C2C NewCap","isPartOf":{"@id":"https:\/\/www.c2cnewcap.com\/pt-pt\/#website"},"datePublished":"2023-05-09T09:00:38+00:00","dateModified":"2023-08-25T08:48:17+00:00","description":"C2C-NewCap who we are: We are engineers and product designers at heart passionate about making things that make a difference.","breadcrumb":{"@id":"https:\/\/www.c2cnewcap.com\/pt-pt\/empresa\/#breadcrumb"},"inLanguage":"pt-PT","potentialAction":[{"@type":"ReadAction","target":["https:\/\/www.c2cnewcap.com\/pt-pt\/empresa\/"]}]},{"@type":"BreadcrumbList","@id":"https:\/\/www.c2cnewcap.com\/pt-pt\/empresa\/#breadcrumb","itemListElement":[{"@type":"ListItem","position":1,"name":"Home","item":"https:\/\/www.c2cnewcap.com\/pt-pt\/"},{"@type":"ListItem","position":2,"name":"Empresa"}]},{"@type":"WebSite","@id":"https:\/\/www.c2cnewcap.com\/pt-pt\/#website","url":"https:\/\/www.c2cnewcap.com\/pt-pt\/","name":"C2C NewCap","description":"Let&#039;s Power the Future","potentialAction":[{"@type":"SearchAction","target":{"@type":"EntryPoint","urlTemplate":"https:\/\/www.c2cnewcap.com\/pt-pt\/?s={search_term_string}"},"query-input":"required name=search_term_string"}],"inLanguage":"pt-PT"}]}},"_links":{"self":[{"href":"https:\/\/www.c2cnewcap.com\/pt-pt\/wp-json\/wp\/v2\/pages\/14399","targetHints":{"allow":["GET"]}}],"collection":[{"href":"https:\/\/www.c2cnewcap.com\/pt-pt\/wp-json\/wp\/v2\/pages"}],"about":[{"href":"https:\/\/www.c2cnewcap.com\/pt-pt\/wp-json\/wp\/v2\/types\/page"}],"author":[{"embeddable":true,"href":"https:\/\/www.c2cnewcap.com\/pt-pt\/wp-json\/wp\/v2\/users\/1"}],"replies":[{"embeddable":true,"href":"https:\/\/www.c2cnewcap.com\/pt-pt\/wp-json\/wp\/v2\/comments?post=14399"}],"version-history":[{"count":7,"href":"https:\/\/www.c2cnewcap.com\/pt-pt\/wp-json\/wp\/v2\/pages\/14399\/revisions"}],"predecessor-version":[{"id":14742,"href":"https:\/\/www.c2cnewcap.com\/pt-pt\/wp-json\/wp\/v2\/pages\/14399\/revisions\/14742"}],"wp:attachment":[{"href":"https:\/\/www.c2cnewcap.com\/pt-pt\/wp-json\/wp\/v2\/media?parent=14399"}],"curies":[{"name":"wp","href":"https:\/\/api.w.org\/{rel}","templated":true}]}}